{"id":1874,"date":"2023-01-07T15:50:43","date_gmt":"2023-01-07T14:50:43","guid":{"rendered":"https:\/\/astragale74.fr\/?page_id=1874"},"modified":"2023-01-10T18:25:34","modified_gmt":"2023-01-10T17:25:34","slug":"article-journaliste","status":"publish","type":"page","link":"https:\/\/astragale74.fr\/?page_id=1874","title":{"rendered":"Article journaliste"},"content":{"rendered":"\t\t<div data-elementor-type=\"wp-page\" data-elementor-id=\"1874\" class=\"elementor elementor-1874\">\n\t\t\t\t\t\t<section class=\"elementor-section elementor-top-section elementor-element elementor-element-d3eb1a7 elementor-section-boxed elementor-section-height-default elementor-section-height-default\" data-id=\"d3eb1a7\" data-element_type=\"section\" data-e-type=\"section\">\n\t\t\t\t\t\t<div class=\"elementor-container elementor-column-gap-default\">\n\t\t\t\t\t<div class=\"elementor-column elementor-col-100 elementor-top-column elementor-element elementor-element-71ae224\" data-id=\"71ae224\" data-element_type=\"column\" data-e-type=\"column\">\n\t\t\t<div class=\"elementor-widget-wrap elementor-element-populated\">\n\t\t\t\t\t\t<div class=\"elementor-element elementor-element-01c2634 elementor-widget elementor-widget-image\" data-id=\"01c2634\" data-element_type=\"widget\" data-e-type=\"widget\" data-widget_type=\"image.default\">\n\t\t\t\t<div class=\"elementor-widget-container\">\n\t\t\t\t\t\t\t\t\t\t\t\t\t\t\t<img fetchpriority=\"high\" fetchpriority=\"high\" decoding=\"async\" width=\"1024\" height=\"387\" src=\"https:\/\/astragale74.fr\/wp-content\/uploads\/2022\/12\/Lastragale-1-e1671273612749-1024x387.png\" class=\"attachment-large size-large wp-image-964\" alt=\"\" srcset=\"https:\/\/astragale74.fr\/wp-content\/uploads\/2022\/12\/Lastragale-1-e1671273612749-980x551.png 980w, https:\/\/astragale74.fr\/wp-content\/uploads\/2022\/12\/Lastragale-1-e1671273612749-480x270.png 480w\" sizes=\"(min-width: 0px) and (max-width: 480px) 480px, (min-width: 481px) and (max-width: 980px) 980px, (min-width: 981px) 1024px, 100vw\" \/>\t\t\t\t\t\t\t\t\t\t\t\t\t\t\t<\/div>\n\t\t\t\t<\/div>\n\t\t\t\t<div class=\"elementor-element elementor-element-15a5b6c premium-nav-hor premium-nav-none premium-ham-dropdown elementor-widget elementor-widget-premium-nav-menu\" data-id=\"15a5b6c\" data-element_type=\"widget\" data-e-type=\"widget\" data-settings=\"{&quot;submenu_icon&quot;:{&quot;value&quot;:&quot;fas fa-angle-down&quot;,&quot;library&quot;:&quot;fa-solid&quot;},&quot;submenu_item_icon&quot;:{&quot;value&quot;:&quot;&quot;,&quot;library&quot;:&quot;&quot;}}\" data-widget_type=\"premium-nav-menu.default\">\n\t\t\t\t<div class=\"elementor-widget-container\">\n\t\t\t\t\t\t\t\t\t<div class=\"premium-error-notice\">\n\t\t\t\t\tCeci est un menu vide. Veuillez vous assurer que votre menu contient des \u00e9l\u00e9ments.\t\t\t\t<\/div>\n\t\t\t\t\t\t\t\t<\/div>\n\t\t\t\t<\/div>\n\t\t\t\t\t<\/div>\n\t\t<\/div>\n\t\t\t\t\t<\/div>\n\t\t<\/section>\n\t\t\t\t<section class=\"elementor-section elementor-top-section elementor-element elementor-element-19feafc elementor-section-boxed elementor-section-height-default elementor-section-height-default\" data-id=\"19feafc\" data-element_type=\"section\" data-e-type=\"section\" data-settings=\"{&quot;background_background&quot;:&quot;classic&quot;,&quot;shape_divider_bottom&quot;:&quot;curve&quot;}\">\n\t\t\t\t\t<div class=\"elementor-shape elementor-shape-bottom\" aria-hidden=\"true\" data-negative=\"false\">\n\t\t\t<svg xmlns=\"http:\/\/www.w3.org\/2000\/svg\" viewBox=\"0 0 1000 100\" preserveAspectRatio=\"none\">\n    <path class=\"elementor-shape-fill\" d=\"M1000,4.3V0H0v4.3C0.9,23.1,126.7,99.2,500,100S1000,22.7,1000,4.3z\"\/>\n<\/svg>\t\t<\/div>\n\t\t\t\t\t<div class=\"elementor-container elementor-column-gap-default\">\n\t\t\t\t\t<div class=\"elementor-column elementor-col-100 elementor-top-column elementor-element elementor-element-d3100e1\" data-id=\"d3100e1\" data-element_type=\"column\" data-e-type=\"column\">\n\t\t\t<div class=\"elementor-widget-wrap elementor-element-populated\">\n\t\t\t\t\t\t<div class=\"elementor-element elementor-element-a2be225 elementor-widget elementor-widget-heading\" data-id=\"a2be225\" data-element_type=\"widget\" data-e-type=\"widget\" data-widget_type=\"heading.default\">\n\t\t\t\t<div class=\"elementor-widget-container\">\n\t\t\t\t\t<h2 class=\"elementor-heading-title elementor-size-default\">Une jounaliste parle de nous<\/h2>\t\t\t\t<\/div>\n\t\t\t\t<\/div>\n\t\t\t\t\t<\/div>\n\t\t<\/div>\n\t\t\t\t\t<\/div>\n\t\t<\/section>\n\t\t\t\t<section class=\"elementor-section elementor-top-section elementor-element elementor-element-8555796 elementor-section-boxed elementor-section-height-default elementor-section-height-default\" data-id=\"8555796\" data-element_type=\"section\" data-e-type=\"section\">\n\t\t\t\t\t\t<div class=\"elementor-container elementor-column-gap-default\">\n\t\t\t\t\t<div class=\"elementor-column elementor-col-100 elementor-top-column elementor-element elementor-element-cb5368d\" data-id=\"cb5368d\" data-element_type=\"column\" data-e-type=\"column\">\n\t\t\t<div class=\"elementor-widget-wrap elementor-element-populated\">\n\t\t\t\t\t\t<div class=\"elementor-element elementor-element-0137fa5 elementor-widget elementor-widget-text-editor\" data-id=\"0137fa5\" data-element_type=\"widget\" data-e-type=\"widget\" data-widget_type=\"text-editor.default\">\n\t\t\t\t<div class=\"elementor-widget-container\">\n\t\t\t\t\t\t\t\t\t<h2><strong>MICHEL CHARRUYER, d\u00e9codage du pied<\/strong><\/h2><p>Tout s\u2019inscrit dans le pied, non pas notre corps comme dans l\u2019iris ou l\u2019oreille, mais toute\u00a0notre histoire, l\u2019histoire de notre famille sur plusieurs g\u00e9n\u00e9rations, nos souffrances et nos difficult\u00e9s \u00e0 \u00eatre. C\u2019est ce qu\u2019a d\u00e9couvert Michel Charruyer, qui a \u00e9t\u00e9 podologue \u00e0 Annecy.<\/p><p>Mettre du sens, de la conscience sur ce pied\u00a0l\u2019obs\u00e9dait, alors il a \u00e9cout\u00e9 ses patients et mis en relation leur ressenti par rapport aux \u00e9v\u00e9nements de leur vie, le diagnostic m\u00e9dical pr\u00e9cis et la trace qu\u2019il constatait sur l\u2019empreinte du pied.<\/p><h2><strong>Du symbolisme\u2026<\/strong><\/h2><p>Pour un podologue classique, un pied qui souffre est victime de ph\u00e9nom\u00e8nes ext\u00e9rieurs (chaussures inadapt\u00e9es, mauvaise posture, etc..) qu\u2019il faudra corriger, par exemple avec des semelles sur mesure.<br \/>Pour Michel Charruyer chaque partie du pied, os, tendons, muscles, chaque d\u00e9formation, malformation, t\u00e2che sur l\u2019empreinte a une signification, chaque incident r\u00e9v\u00e8le une faille. Il a compris que l\u2019\u00eatre humain n\u2019\u00e9tait que du subjectif et que l\u2019empreinte des pieds dressait une cartographie de son inconscient.<\/p><p>Tout d\u2019abord il est important de comprendre le sens g\u00e9n\u00e9ral de la symbolique du pied et consid\u00e9rer toutes ses pathologies par rapport \u00e0 lui\u00a0: Le pied nous parle de d\u00e9placement, de mouvement, d\u2019action et de notre relation avec le futur\u00a0(le pied nous permet d\u2019aller de l\u2019avant). Il nous parle aussi de territoire, une notion essentielle pour le corps.<\/p><h2><strong>\u2026 au d\u00e9codage<\/strong><\/h2><p>Nous nous croyions civilis\u00e9s mais notre corps r\u00e9agit comme il le faisait dans les temps pr\u00e9historiques.<br \/>Notre cerveau pense en termes de survie, et pour lui il n\u2019y a ni temps, ni espace. Nos ongles sont des griffes et servent \u00e0 nous d\u00e9fendre, \u00e0 prendre, \u00e0 serrer. De m\u00eame nous ne pensons pas famille mais \u00ab\u00a0clan\u00a0\u00bb et \u00e0 ce clan il faut un chef. S\u2019il est inconsistant, le clan est en danger, etc\u2026<\/p><p>Cependant, il ne s\u2019agit pas de faire du d\u00e9codage de comptoir et d\u2019apprendre par c\u0153ur un \u00ab\u00a0dictionnaire du pied\u00a0\u00bb (ton pied a ceci, ta souffrance est celle-l\u00e0) \u2013 un dictionnaire ne r\u00e9sout rien \u2013 mais de saisir l\u2019opportunit\u00e9 du sens pour permettre \u00e0 une \u00e9motion de se r\u00e9v\u00e9ler, de s\u2019extirper du labyrinthe int\u00e9rieur.<\/p><p>Mais avant cela il faut trouver l\u2019\u00e9v\u00e9nement programmant et inlassablement Michel Charruyer enqu\u00eate, \u00e9coute, accompagne. Il dresse m\u00eame l\u2019arbre g\u00e9n\u00e9alogique s\u2019il y a besoin d\u2019approcher le projet\/sens de l\u2019enfant devenu adulte, le message qui a \u00e9t\u00e9 inscrit en lui d\u00e8s sa conception comme un programme pervers, un bug.<\/p><p>Hallus valgus, la bosse sur le pied qui se trouve sur la gauche. Pour cela il faut poser des questions, induites par l\u2019information recueillie sur l\u2019empreinte du pied, comme par exemple pour un Hallux Valgus \u00ab\u00a0Quelle est la plus grande injustice que vous avez v\u00e9cue\u00a0?\u00a0\u00bb, pour une maladie de Raynaud (extr\u00e9mit\u00e9s froides et douloureuses) \u00ab\u00a0Qui est mort sur la route en rentrant \u00e0 la maison\u00a0?\u00a0\u00bb, ou encore si vous puez des pieds \u00ab\u00a0Qui rode ou a rod\u00e9 autour de vous, qui est le pr\u00e9dateur\u00a0?\u00a0\u00bb(1) et laisser le ressenti s\u2019exprimer.<\/p><p>Nous portons le poids des g\u00e9n\u00e9rations pr\u00e9c\u00e9dentes. Des chercheurs de l\u2019Universit\u00e9 de Gen\u00e8ve ont analys\u00e9 le sang de personnes ayant subi des traumatismes. La maltraitance et le viol ne laissent pas que des traces psychiques\u00a0: elles laissent aussi des cicatrices sur l\u2019ADN qui se transmettent jusqu\u2019\u00e0 trois g\u00e9n\u00e9rations ou plus. Et c\u2019est la troisi\u00e8me g\u00e9n\u00e9ration qui a la trace la plus importante\u2026<\/p><h2><strong>Prise de conscience<\/strong><\/h2><p>Entrer en r\u00e9sonance avec ce qui est exprim\u00e9 dans le pied, travailler cette charge, recr\u00e9er le ressenti afin d\u2019amener une v\u00e9ritable prise de conscience, c\u2019est le travail th\u00e9rapeutique que propose Michel Charruyer. Un d\u00e9codage, \u00e7a ne se donne pas comme \u00e7a, d\u2019un seul coup, sinon il ne ferait que l\u2019effet d\u2019une \u00ab prise de connaissance \u00bb.<\/p><p>Un d\u00e9codage, \u00e7a s\u2019accouche\u2026 Il faut lentement tourner autour,\u00a0 avancer pas \u00e0 pas, laisser monter les \u00e9motions et, quand c\u2019est le moment, laisser \u00e9merger la prise de conscience (qui est biologique parce que suivie d\u2019un acte)(2). Aussi, il n\u2019h\u00e9site pas \u00e0 pousser ses stagiaires dans leurs retranchements, \u00e0 les mettre face \u00e0 leurs peurs, \u00e0 les pousser \u00e0 affronter leur col\u00e8re, leurs d\u00e9sespoirs cach\u00e9s sous des couches de vernis, de compromissions\u00a0avec eux-m\u00eames et de certitudes plant\u00e9es sur des sables mouvants. \u00ab\u00a0On\u00a0gu\u00e9rit dans la r\u00e9alit\u00e9, pas dans le d\u00e9ni\u00a0\u00bb, dit-il.<\/p><h2><strong>Mon empreinte de pied<\/strong><\/h2><h3><strong>Le stage commence<\/strong><\/h3><p>Nous sommes une quinzaine de femmes entre 30 et 65 ans, la plupart r\u00e9flexologues plantaires ou podologues, venues chercher un plus pour leur pratique, un sens \u00e0 ce pied sur lequel elles travaillent\u00a0tous les jours. Et aussi, elles viennent pour rencontrer Michel Charruyer dont on leur a tant parl\u00e9.<\/p><p>Avant de commencer, Chantal prend l\u2019empreinte de nos pieds. Lorsque c\u2019est mon tour elle lance \u00ab\u00a0Elle\u00a0est parfaite\u00a0!\u00a0\u00bb j\u2019avoue que j\u2019ai eu un peu d\u2019\u00e9tonnement, une empreinte parfaite\u00a0? Moi qui croyais avoir des probl\u00e8mes comme tout le monde\u00a0! En fait, mon empreinte \u00e9tait parfaite dans son imperfection\u00a0: aucune bande externe pour relier mon talon \u00e0 l\u2019avant de mon pied, pas m\u00eame une petite ombre.<\/p><p>J\u2019apprendrai dans le courant du stage que c\u2019est le signe d\u2019une absence de p\u00e8re, de m\u00e9moire familiale de fille-m\u00e8re, et que la difficult\u00e9 dans ce cas \u00e9tait de s\u2019affranchir de l\u2019emprise de la m\u00e8re. Quant \u00e0 mon\u00a0 talon \u00ab\u00a0en goutte d\u2019eau\u00a0\u00bb, c\u2019est le signe d\u2019une tristesse r\u00e9currente. \u00ab\u00a0Ta m\u00e8re \u00e9tait d\u00e9pressive\u00a0?\u00a0\u00bb me demande Michel, \u00ab\u00a0Il y avait une Marcelle dans ta famille\u00a0?\u00a0\u00bb. Allons bon, les pr\u00e9noms aussi ont un\u00a0sens\u00a0! Marcelle = m\u00e9moire familiale de d\u00e9pression\u2026 Je suis d\u00e9masqu\u00e9e.<\/p><p>Nous avons pass\u00e9 4 jours \u00e0 traquer les LFI (Loyaut\u00e9 Familiale Inconsciente) mais aussi les BRPC (3), parce qu\u2019en plus, en dehors des moments o\u00f9 tout le monde pleure, on rit beaucoup. Oui, on pleure parce que c\u2019est tr\u00e8s intense, chaque blessure de l\u2019autre renvoie \u00e0 la notre mais aussi \u00e0 chaque lib\u00e9ration d\u2019une \u00e9motion enfouie en l\u2019une de nous, on rena\u00eet.<\/p><p>\u00ab\u00a0La famille n\u2019est pas un lieu d\u2019amour\u00a0\u00bb dit Michel Charruyer, j\u2019ai mesur\u00e9 pendant le stage toute l\u2019ampleur de cette v\u00e9rit\u00e9 qui m\u2019avait offusqu\u00e9e dans un premier temps.<\/p><p>Toutes ces femmes broy\u00e9es par un p\u00e8re pr\u00e9sent mais absent, ou autoritaire, ou une m\u00e8re indiff\u00e9rente, par les abus de toutes sortes (sexuels, de pouvoir, de confiance\u2026), tant de violence faites aux\u00a0femmes\u2026. Est-ce que toutes les femmes portent cette m\u00eame souffrance que j\u2019ai vu s\u2019\u00e9taler l\u00e0\u00a0? Est-ce que tous les stages de Michel Charruyer ont tous la m\u00eame intensit\u00e9\u00a0?, Est-ce le fait de s\u2019int\u00e9resser au pied qui draine une certaine sorte de personne\u00a0? Je crois que cela tient en fait \u00e0 la personnalit\u00e9 th\u00e9rapeutique de Michel Charruyer, \u00e0 sa capacit\u00e9 \u00e0 identifier le n\u0153ud du probl\u00e8me comme un aigle aper\u00e7oit une souris qui gambade dans la prairie et \u00e0 nous accompagner de sa pr\u00e9sence puissante et\u00a0bienveillante pour en passer le seuil\u2026 et cela ne se fait parfois pas sans peur et sans larmes.<\/p><p>Je ne m\u2019\u00e9tendrai pas sur S. \u00e0 qui Michel Charruyer, au cours d\u2019un rituel symbolique particuli\u00e8rement saisissant, a fait faire enfin un choix entre la Vie et la Mort, vous savez, la petite mort quotidienne, celle de l\u2019attente d\u00e9sesp\u00e9r\u00e9e de la reconnaissance, de l\u2019amour de l\u2019un de ses parents\u00a0 \u00ab\u00a0tant que l\u2019on est dans l\u2019attente, dans la lutte, on est dans la mort\u00a0\u00bb, dit-il. Ni de J., mari\u00e9e, et qui refusait de porter le nom de son mari, pr\u00e9f\u00e9rant garder celui de son p\u00e8re. Ni de F. \u00e0 qui il a donn\u00e9 quelques miettes de g\u00e2teau qu\u2019elle a mang\u00e9 avec gratitude\u00a0: lorsqu\u2019on a \u00e9t\u00e9 abandonn\u00e9e, on est heureuse de recevoir la moindre miette\u2026 Ne nous accommodons de rien\u2026 plus jamais de miettes\u00a0!<\/p><h2><strong>L\u2019empreinte des pieds de F.<\/strong><br \/><strong>Le talon de F.<\/strong><\/h2><p>F. vouait une grande admiration pour sa m\u00e8re, d\u00e9c\u00e9d\u00e9e il y a quelques ann\u00e9es. Celle-ci avait \u00e9t\u00e9 r\u00e9sistante pendant la guerre. Elle transportait des faux papiers d\u2019identit\u00e9 dans la doublure de son imperm\u00e9able pour les apporter \u00e0 d\u2019autres r\u00e9sistants ou \u00e0 des juifs. Elle a \u00e9t\u00e9 arr\u00eat\u00e9e, tortur\u00e9e, elle n\u2019a pas parl\u00e9\u2026<\/p><p>A l\u2019\u00e2ge de 14 ans, F. part en Angleterre en voyage \u00e9ducatif. Un jour, elle se trouve sur le port avec le groupe de jeunes dont elle fait partie. Il y a des tuyaux de pipe-line, elle s\u2019assied sur l\u2019un d\u2019eux. Mais il n\u2019est pas stable et se met \u00e0 rouler, lui \u00e9crasant le talon. Aujourd\u2019hui F. a la cinquantaine, elle a \u00e9t\u00e9 op\u00e9r\u00e9e maintes et maintes fois, sans succ\u00e8s : son talon se trouve \u00e0 quelques centim\u00e8tres du sol. Elle marche en s\u2019appuyant sur l\u2019avant du pied. Tous les jours, elle doit se faire un pansement autour du pied, une plaie ne s\u2019est jamais referm\u00e9e.<\/p><p>Le talon, c\u2019est les projets, ce que l\u2019on a dans la t\u00eate. Or, la m\u00e8re de F. \u00e9tait r\u00e9sistante, elle ne devait pas parler, personne ne devait conna\u00eetre ses projets, tout devait rester secret\u2026 C\u2019est le message qui s\u2019est inscrit dans son ADN\u00a0: \u00ab\u00a0Si je n\u2019ai pas de talon, personne ne pourra conna\u00eetre mes projets\u2026\u00a0\u00bb. Et pourquoi en Angleterre\u00a0? \u2026 L\u2019Angleterre, pendant la guerre\u2026 De Gaulle\u2026 la r\u00e9sistance\u2026 c\u2019\u00e9tait pour F. le lieu id\u00e9al pour d\u00e9clarer sa L.F.I (Loyaut\u00e9 Familiale Inconsciente).<\/p><h2><strong>Les terroristes de M.G.<\/strong><\/h2><p>Parmi toutes les stagiaires, il y en avait une qui \u00e9tait particuli\u00e8rement int\u00e9rioris\u00e9e, la t\u00eate rentr\u00e9e dans les \u00e9paules. On avait toutes envie qu\u2019elle se redresse, qu\u2019elle s\u2019ouvre, nous sentions une telle souffrance en elle. Mais elle ne parlait pas, elle restait recroquevill\u00e9e sur elle-m\u00eame.<\/p><p>Le dernier jour elle demande de l\u2019aide, enfin. Elle raconte sa peur du monde ext\u00e9rieur, continuelle, et particuli\u00e8rement celle des terroristes qui s\u2019est aggrav\u00e9e depuis les derniers \u00e9v\u00e9nements. Elle fait m\u00eame des r\u00eaves r\u00e9currents o\u00f9 des terroristes cagoul\u00e9s interviennent et massacrent tout le monde. Cette peur, elle l\u2019a repass\u00e9e \u00e0 une de ses filles qui ne va pas tr\u00e8s bien.<\/p><p>Michel Charruyer, qui a d\u00e9j\u00e0 d\u00e9cod\u00e9 son empreinte de pied lui demande de parler de sa famille, de sa m\u00e8re, de l\u2019histoire de sa naissance. La m\u00e8re de M.G a \u00e9t\u00e9 \u00e9lev\u00e9e par une m\u00e8re maltraitante. A 16 ans, elle rencontre un jeune homme de bonne famille et tombe enceinte. Elle n\u2019est pas consid\u00e9r\u00e9e comme \u00ab\u00a0assez bien\u00a0\u00bb par la belle famille et le jeune homme est contraint de l\u2019abandonner. De cette union contrari\u00e9e na\u00eetra M.G.<\/p><p>Quel rapport avec les terroristes\u00a0? Il faut chercher qui ne montre pas son visage dans la famille de M.G.\u00a0Les\u00a0\u00ab\u00a0terroristes\u00a0\u00bb\u00a0sont ses grands-parents du c\u00f4t\u00e9 de son p\u00e8re, ceux qu\u2019elle n\u2019a jamais connus (on ne voit pas leur visage) et qui, un jour, sont arriv\u00e9s dans la vie de cette famille et ont tout massacr\u00e9\u2026<\/p><h2><strong>Fin de stage<\/strong><\/h2><p>De d\u00e9codages en d\u00e9codages nous avons avanc\u00e9 pendant ces 4 jours de stage et nous ressortons toutes de l\u00e0 renouvel\u00e9es, riche de compr\u00e9hension sur nous-m\u00eame et de savoir\u00a0: Michel Charruyer nous a initi\u00e9 au sens du pied, \u00e0 son langage. La derni\u00e8re renaissance fut celle de E. que sa m\u00e8re et toute sa famille n\u2019avait jamais \u00e9cout\u00e9. Michel s\u2019est assis en face d\u2019elle et lui a pris les mains. \u00ab\u00a0Je t\u2019\u00e9coute\u00a0\u00bb\u2026<\/p><p>Et nous voil\u00e0 dans les bras les unes des autres, pleurant, souriant, s\u2019\u00e9treignant\u2026 toutes diff\u00e9rentes et \u00e0 la fois si semblables\u2026 tant de passages et tant de renaissances\u2026 que d\u2019amour\u00a0!<\/p><p>Que d\u2019amour\u2026 Merci Michel\u2026 Florence<\/p><p>1) Bromidrose, c\u2019est le terme scientifique \u00e9l\u00e9gant pour dire que vous puez des pieds !. La bromidrose, c\u2019est le conflit du putois (\u00a0!). Le putois envoie de mauvaises odeurs pour \u00e9loigner un danger, en g\u00e9n\u00e9ral un pr\u00e9dateur. Dans notre r\u00e9alit\u00e9 humaine, le pr\u00e9dateur c\u2019est quelqu\u2019un qui veut abuser de nous d\u2019une quelconque fa\u00e7on, mais souvent sexuelle.<\/p><p>2) Freiner en voiture lorsqu\u2019on voit un danger est une prise de conscience biologique suivie d\u2019un acte.<\/p><p>3) BRPC \u00ab\u00a0Bonne Raison Pi\u00e8ge \u00e0 Cons\u00a0\u00bb comme par exemple : \u00ab\u00a0C\u2019est ma grand-m\u00e8re qui m\u2019a \u00e9lev\u00e9 parce que Maman travaillait.\u00a0\u00bb\u2026<br \/>Michel Charruyer\u00a0a \u00e9t\u00e9 podologue mais il est aussi osth\u00e9opathe et dipl\u00f4m\u00e9 en m\u00e9decine chinoise. Il a travaill\u00e9 avec Jodorowski.<br \/>Il se consid\u00e8re maintenant comme un \u00ab\u00a0\u00e9coutant et un accompagnant du pied\u00a0\u00bb. Il consulte \u00e0 Annecy et propose des stages dans toute la France<\/p>\t\t\t\t\t\t\t\t<\/div>\n\t\t\t\t<\/div>\n\t\t\t\t\t<\/div>\n\t\t<\/div>\n\t\t\t\t\t<\/div>\n\t\t<\/section>\n\t\t\t\t<section class=\"elementor-section elementor-top-section elementor-element elementor-element-780ca31 elementor-section-boxed elementor-section-height-default elementor-section-height-default\" data-id=\"780ca31\" data-element_type=\"section\" data-e-type=\"section\">\n\t\t\t\t\t\t<div class=\"elementor-container elementor-column-gap-default\">\n\t\t\t\t\t<div class=\"elementor-column elementor-col-100 elementor-top-column elementor-element elementor-element-6cb9b53\" data-id=\"6cb9b53\" data-element_type=\"column\" data-e-type=\"column\">\n\t\t\t<div class=\"elementor-widget-wrap\">\n\t\t\t\t\t\t\t<\/div>\n\t\t<\/div>\n\t\t\t\t\t<\/div>\n\t\t<\/section>\n\t\t\t\t<\/div>\n\t\t","protected":false},"excerpt":{"rendered":"<p>Menu Fermer Accueil Pr\u00e9sentation T\u00e9moignages S\u00e9minaires Contact Accueil Pr\u00e9sentation T\u00e9moignages S\u00e9minaires Contact Une jounaliste parle de nous MICHEL CHARRUYER, d\u00e9codage du pied Tout s\u2019inscrit dans le pied, non pas notre corps comme dans l\u2019iris ou l\u2019oreille, mais toute\u00a0notre histoire, l\u2019histoire de notre famille sur plusieurs g\u00e9n\u00e9rations, nos souffrances et nos difficult\u00e9s \u00e0 \u00eatre. C\u2019est ce [&hellip;]<\/p>\n","protected":false},"author":1,"featured_media":0,"parent":0,"menu_order":0,"comment_status":"closed","ping_status":"closed","template":"elementor_canvas","meta":{"_et_pb_use_builder":"","_et_pb_old_content":"","_et_gb_content_width":"","footnotes":""},"class_list":["post-1874","page","type-page","status-publish","hentry"],"_links":{"self":[{"href":"https:\/\/astragale74.fr\/index.php?rest_route=\/wp\/v2\/pages\/1874","targetHints":{"allow":["GET"]}}],"collection":[{"href":"https:\/\/astragale74.fr\/index.php?rest_route=\/wp\/v2\/pages"}],"about":[{"href":"https:\/\/astragale74.fr\/index.php?rest_route=\/wp\/v2\/types\/page"}],"author":[{"embeddable":true,"href":"https:\/\/astragale74.fr\/index.php?rest_route=\/wp\/v2\/users\/1"}],"replies":[{"embeddable":true,"href":"https:\/\/astragale74.fr\/index.php?rest_route=%2Fwp%2Fv2%2Fcomments&post=1874"}],"version-history":[{"count":13,"href":"https:\/\/astragale74.fr\/index.php?rest_route=\/wp\/v2\/pages\/1874\/revisions"}],"predecessor-version":[{"id":2200,"href":"https:\/\/astragale74.fr\/index.php?rest_route=\/wp\/v2\/pages\/1874\/revisions\/2200"}],"wp:attachment":[{"href":"https:\/\/astragale74.fr\/index.php?rest_route=%2Fwp%2Fv2%2Fmedia&parent=1874"}],"curies":[{"name":"wp","href":"https:\/\/api.w.org\/{rel}","templated":true}]}}